{"id":117,"date":"2025-10-29T18:13:01","date_gmt":"2025-10-29T18:13:01","guid":{"rendered":"https:\/\/krisbo.dk\/?page_id=117"},"modified":"2025-10-29T19:07:29","modified_gmt":"2025-10-29T19:07:29","slug":"117-2","status":"publish","type":"page","link":"https:\/\/krisbo.dk\/index.php\/117-2\/","title":{"rendered":"Minth\u00f8jvej B"},"content":{"rendered":"<p>[et_pb_section fb_built=&#8221;1&#8243; admin_label=&#8221;Header&#8221; _builder_version=&#8221;4.27.4&#8243; _module_preset=&#8221;default&#8221; background_image=&#8221;https:\/\/krisbo.dk\/wp-content\/uploads\/2025\/10\/Top-Logo3.png&#8221; collapsed=&#8221;on&#8221; global_colors_info=&#8221;{}&#8221;][et_pb_row column_structure=&#8221;2_5,3_5&#8243; _builder_version=&#8221;4.22.0&#8243; _module_preset=&#8221;default&#8221; global_colors_info=&#8221;{}&#8221;][et_pb_column type=&#8221;2_5&#8243; _builder_version=&#8221;4.22.0&#8243; _module_preset=&#8221;default&#8221; global_colors_info=&#8221;{}&#8221;][\/et_pb_column][et_pb_column type=&#8221;3_5&#8243; _builder_version=&#8221;4.22.0&#8243; _module_preset=&#8221;default&#8221; custom_padding=&#8221;60px||60px||true|false&#8221; custom_padding_tablet=&#8221;0px||0px||true|false&#8221; custom_padding_phone=&#8221;0px||0px||true|false&#8221; custom_padding_last_edited=&#8221;on|desktop&#8221; global_colors_info=&#8221;{}&#8221;][\/et_pb_column][\/et_pb_row][\/et_pb_section][et_pb_section fb_built=&#8221;1&#8243; admin_label=&#8221;Feature&#8221; _builder_version=&#8221;4.22.0&#8243; _module_preset=&#8221;default&#8221; overflow-x=&#8221;hidden&#8221; overflow-y=&#8221;hidden&#8221; collapsed=&#8221;on&#8221; global_colors_info=&#8221;{}&#8221;][et_pb_row column_structure=&#8221;2_5,3_5&#8243; _builder_version=&#8221;4.22.0&#8243; _module_preset=&#8221;default&#8221; global_colors_info=&#8221;{}&#8221;][et_pb_column type=&#8221;2_5&#8243; _builder_version=&#8221;4.22.0&#8243; _module_preset=&#8221;default&#8221; global_colors_info=&#8221;{}&#8221;][et_pb_text _builder_version=&#8221;4.22.0&#8243; _module_preset=&#8221;_initial&#8221; header_2_font=&#8221;Noto Serif||||||||&#8221; header_2_font_size=&#8221;52px&#8221; header_2_line_height=&#8221;1.4em&#8221; custom_margin=&#8221;||10px||false|false&#8221; header_2_font_size_tablet=&#8221;32px&#8221; header_2_font_size_phone=&#8221;20px&#8221; header_2_font_size_last_edited=&#8221;on|desktop&#8221; global_colors_info=&#8221;{}&#8221;]<\/p>\n<h2>Minth\u00f8jvej Hus B<\/h2>\n<p>[\/et_pb_text][et_pb_text _builder_version=&#8221;4.22.0&#8243; _module_preset=&#8221;_initial&#8221; text_font_size=&#8221;16px&#8221; text_line_height=&#8221;1.8em&#8221; custom_padding=&#8221;||0px|||&#8221; text_font_size_tablet=&#8221;15px&#8221; text_font_size_phone=&#8221;14px&#8221; text_font_size_last_edited=&#8221;on|desktop&#8221; global_colors_info=&#8221;{}&#8221;]<\/p>\n<p>Bof\u00e6llesskab med plads til 9 personer i tre plan. Beliggende i Hasle t\u00e6t p\u00e5 botanisk have og universitetet.\u00a0<br \/>Huset indeholder k\u00f8kken, med hyggelig spisekrog og sofagruppe. Dejlig have med terrasse.<br \/>Huset har vognly til cykler.<br \/>Beboerne holder husm\u00f8de hver m\u00e5ned, to gange \u00e5rligt er der f\u00e6lles arbejdsdag, f\u00e6llesomr\u00e5der skiftes man til at g\u00f8re rent og der indbetales hver m\u00e5ned et mindre bel\u00f8b til huskassen \u2013 til k\u00f8b af opvasketabs, toiletpapir olign.\u00a0<\/p>\n<p>[\/et_pb_text][\/et_pb_column][et_pb_column type=&#8221;3_5&#8243; _builder_version=&#8221;4.22.0&#8243; _module_preset=&#8221;default&#8221; global_colors_info=&#8221;{}&#8221;][et_pb_slider _builder_version=&#8221;4.27.4&#8243; _module_preset=&#8221;default&#8221; custom_padding=&#8221;||305px|||&#8221; global_colors_info=&#8221;{}&#8221;][et_pb_slide _builder_version=&#8221;4.27.4&#8243; _module_preset=&#8221;default&#8221; background_enable_color=&#8221;off&#8221; background_image=&#8221;https:\/\/krisbo.dk\/wp-content\/uploads\/2025\/10\/DSC01711-scaled.jpg&#8221; background_enable_image=&#8221;on&#8221; global_colors_info=&#8221;{}&#8221; sticky_transition=&#8221;on&#8221;][\/et_pb_slide][et_pb_slide _builder_version=&#8221;4.27.4&#8243; _module_preset=&#8221;default&#8221; background_enable_color=&#8221;off&#8221; background_image=&#8221;https:\/\/krisbo.dk\/wp-content\/uploads\/2025\/10\/DSC01714-scaled.jpg&#8221; background_enable_image=&#8221;on&#8221; global_colors_info=&#8221;{}&#8221; sticky_transition=&#8221;on&#8221;][\/et_pb_slide][\/et_pb_slider][\/et_pb_column][\/et_pb_row][\/et_pb_section][et_pb_section fb_built=&#8221;1&#8243; _builder_version=&#8221;4.27.4&#8243; _module_preset=&#8221;default&#8221; global_colors_info=&#8221;{}&#8221;][et_pb_row _builder_version=&#8221;4.27.4&#8243; _module_preset=&#8221;default&#8221; global_colors_info=&#8221;{}&#8221;][et_pb_column type=&#8221;4_4&#8243; _builder_version=&#8221;4.27.4&#8243; _module_preset=&#8221;default&#8221; global_colors_info=&#8221;{}&#8221;][et_pb_accordion _builder_version=&#8221;4.27.4&#8243; _module_preset=&#8221;default&#8221; global_colors_info=&#8221;{}&#8221;][et_pb_accordion_item title=&#8221;Plantegning&#8221; open=&#8221;on&#8221; _builder_version=&#8221;4.27.4&#8243; _module_preset=&#8221;default&#8221; background_enable_image=&#8221;off&#8221; global_colors_info=&#8221;{}&#8221;]<\/p>\n<p><strong>K\u00e6lder<\/strong><\/p>\n<p><img loading=\"lazy\" decoding=\"async\" src=\"https:\/\/krisbo.dk\/wp-content\/uploads\/2025\/10\/1_Plantegning_kaelder.png\" width=\"876\" height=\"459\" alt=\"\" class=\"wp-image-124 alignnone size-full\" srcset=\"https:\/\/krisbo.dk\/wp-content\/uploads\/2025\/10\/1_Plantegning_kaelder.png 876w, https:\/\/krisbo.dk\/wp-content\/uploads\/2025\/10\/1_Plantegning_kaelder-480x252.png 480w\" sizes=\"(min-width: 0px) and (max-width: 480px) 480px, (min-width: 481px) 876px, 100vw\" \/><\/p>\n<p><strong>Stue<\/strong><\/p>\n<p><img loading=\"lazy\" decoding=\"async\" src=\"https:\/\/krisbo.dk\/wp-content\/uploads\/2025\/10\/1_Plantegning_stue.png\" width=\"853\" height=\"661\" alt=\"\" class=\"wp-image-125 alignnone size-full\" srcset=\"https:\/\/krisbo.dk\/wp-content\/uploads\/2025\/10\/1_Plantegning_stue.png 853w, https:\/\/krisbo.dk\/wp-content\/uploads\/2025\/10\/1_Plantegning_stue-480x372.png 480w\" sizes=\"(min-width: 0px) and (max-width: 480px) 480px, (min-width: 481px) 853px, 100vw\" \/><\/p>\n<p><strong>1. Sal<\/strong><\/p>\n<p><img loading=\"lazy\" decoding=\"async\" src=\"https:\/\/krisbo.dk\/wp-content\/uploads\/2025\/10\/1_Plantegning_1sal.png\" width=\"859\" height=\"497\" alt=\"\" class=\"wp-image-126 alignnone size-full\" srcset=\"https:\/\/krisbo.dk\/wp-content\/uploads\/2025\/10\/1_Plantegning_1sal.png 859w, https:\/\/krisbo.dk\/wp-content\/uploads\/2025\/10\/1_Plantegning_1sal-480x278.png 480w\" sizes=\"(min-width: 0px) and (max-width: 480px) 480px, (min-width: 481px) 859px, 100vw\" \/><\/p>\n<p>[\/et_pb_accordion_item][et_pb_accordion_item title=&#8221;K\u00f8kken&#8221; _builder_version=&#8221;4.27.4&#8243; _module_preset=&#8221;default&#8221; global_colors_info=&#8221;{}&#8221; open=&#8221;off&#8221;]<\/p>\n<p><img loading=\"lazy\" decoding=\"async\" src=\"https:\/\/krisbo.dk\/wp-content\/uploads\/2025\/10\/2_Kokken_A-1.jpg\" width=\"500\" height=\"333\" alt=\"\" class=\"wp-image-127 alignnone size-full\" srcset=\"https:\/\/krisbo.dk\/wp-content\/uploads\/2025\/10\/2_Kokken_A-1.jpg 500w, https:\/\/krisbo.dk\/wp-content\/uploads\/2025\/10\/2_Kokken_A-1-480x320.jpg 480w\" sizes=\"(min-width: 0px) and (max-width: 480px) 480px, (min-width: 481px) 500px, 100vw\" \/><\/p>\n<p><img loading=\"lazy\" decoding=\"async\" src=\"https:\/\/krisbo.dk\/wp-content\/uploads\/2025\/10\/2_Kokken_B-1.jpg\" width=\"500\" height=\"333\" alt=\"\" class=\"wp-image-128 alignnone size-full\" srcset=\"https:\/\/krisbo.dk\/wp-content\/uploads\/2025\/10\/2_Kokken_B-1.jpg 500w, https:\/\/krisbo.dk\/wp-content\/uploads\/2025\/10\/2_Kokken_B-1-480x320.jpg 480w\" sizes=\"(min-width: 0px) and (max-width: 480px) 480px, (min-width: 481px) 500px, 100vw\" \/><\/p>\n<p>[\/et_pb_accordion_item][et_pb_accordion_item title=&#8221;Badev\u00e6relse 1&#8243; _builder_version=&#8221;4.27.4&#8243; _module_preset=&#8221;default&#8221; global_colors_info=&#8221;{}&#8221; open=&#8221;off&#8221;]<\/p>\n<p><img loading=\"lazy\" decoding=\"async\" src=\"https:\/\/krisbo.dk\/wp-content\/uploads\/2025\/10\/3_Badevaerelse-1_A.jpg\" width=\"427\" height=\"640\" alt=\"\" class=\"wp-image-129 alignnone size-full\" srcset=\"https:\/\/krisbo.dk\/wp-content\/uploads\/2025\/10\/3_Badevaerelse-1_A.jpg 427w, https:\/\/krisbo.dk\/wp-content\/uploads\/2025\/10\/3_Badevaerelse-1_A-200x300.jpg 200w\" sizes=\"(max-width: 427px) 100vw, 427px\" \/><\/p>\n<p><img loading=\"lazy\" decoding=\"async\" src=\"https:\/\/krisbo.dk\/wp-content\/uploads\/2025\/10\/3_Badevaerelse-1_B.jpg\" width=\"427\" height=\"640\" alt=\"\" class=\"wp-image-130 alignnone size-full\" srcset=\"https:\/\/krisbo.dk\/wp-content\/uploads\/2025\/10\/3_Badevaerelse-1_B.jpg 427w, https:\/\/krisbo.dk\/wp-content\/uploads\/2025\/10\/3_Badevaerelse-1_B-200x300.jpg 200w\" sizes=\"(max-width: 427px) 100vw, 427px\" \/><\/p>\n<p>[\/et_pb_accordion_item][et_pb_accordion_item title=&#8221;Badev\u00e6relse 2&#8243; _builder_version=&#8221;4.27.4&#8243; _module_preset=&#8221;default&#8221; global_colors_info=&#8221;{}&#8221; open=&#8221;off&#8221;]<\/p>\n<p><img loading=\"lazy\" decoding=\"async\" src=\"https:\/\/krisbo.dk\/wp-content\/uploads\/2025\/10\/4_Badevaerelse-2_A.jpg\" width=\"427\" height=\"640\" alt=\"\" class=\"wp-image-131 alignnone size-full\" srcset=\"https:\/\/krisbo.dk\/wp-content\/uploads\/2025\/10\/4_Badevaerelse-2_A.jpg 427w, https:\/\/krisbo.dk\/wp-content\/uploads\/2025\/10\/4_Badevaerelse-2_A-200x300.jpg 200w\" sizes=\"(max-width: 427px) 100vw, 427px\" \/><\/p>\n<p><img loading=\"lazy\" decoding=\"async\" src=\"https:\/\/krisbo.dk\/wp-content\/uploads\/2025\/10\/4_Badevaerelse-2_B.jpg\" width=\"427\" height=\"640\" alt=\"\" class=\"wp-image-132 alignnone size-full\" srcset=\"https:\/\/krisbo.dk\/wp-content\/uploads\/2025\/10\/4_Badevaerelse-2_B.jpg 427w, https:\/\/krisbo.dk\/wp-content\/uploads\/2025\/10\/4_Badevaerelse-2_B-200x300.jpg 200w\" sizes=\"(max-width: 427px) 100vw, 427px\" \/><\/p>\n<p>[\/et_pb_accordion_item][et_pb_accordion_item title=&#8221;Badev\u00e6relse 3&#8243; _builder_version=&#8221;4.27.4&#8243; _module_preset=&#8221;default&#8221; global_colors_info=&#8221;{}&#8221; open=&#8221;off&#8221;]<\/p>\n<p><img loading=\"lazy\" decoding=\"async\" src=\"https:\/\/krisbo.dk\/wp-content\/uploads\/2025\/10\/5_Badevaerelse-3.jpg\" width=\"427\" height=\"640\" alt=\"\" class=\"wp-image-133 alignnone size-full\" srcset=\"https:\/\/krisbo.dk\/wp-content\/uploads\/2025\/10\/5_Badevaerelse-3.jpg 427w, https:\/\/krisbo.dk\/wp-content\/uploads\/2025\/10\/5_Badevaerelse-3-200x300.jpg 200w\" sizes=\"(max-width: 427px) 100vw, 427px\" \/><\/p>\n<p>[\/et_pb_accordion_item][et_pb_accordion_item title=&#8221;Vaskerum&#8221; _builder_version=&#8221;4.27.4&#8243; _module_preset=&#8221;default&#8221; global_colors_info=&#8221;{}&#8221; open=&#8221;off&#8221;]<\/p>\n<p><img loading=\"lazy\" decoding=\"async\" src=\"https:\/\/krisbo.dk\/wp-content\/uploads\/2025\/10\/6_Vaskerum.jpg\" width=\"500\" height=\"333\" alt=\"\" class=\"wp-image-134 alignnone size-full\" srcset=\"https:\/\/krisbo.dk\/wp-content\/uploads\/2025\/10\/6_Vaskerum.jpg 500w, https:\/\/krisbo.dk\/wp-content\/uploads\/2025\/10\/6_Vaskerum-480x320.jpg 480w\" sizes=\"(min-width: 0px) and (max-width: 480px) 480px, (min-width: 481px) 500px, 100vw\" \/><\/p>\n<p>[\/et_pb_accordion_item][et_pb_accordion_item title=&#8221;V\u00e6relse S-4&#8243; _builder_version=&#8221;4.27.4&#8243; _module_preset=&#8221;default&#8221; global_colors_info=&#8221;{}&#8221; open=&#8221;off&#8221;]<\/p>\n<p><img loading=\"lazy\" decoding=\"async\" src=\"https:\/\/krisbo.dk\/wp-content\/uploads\/2025\/10\/7_Vaerelse-S-4_A-768x1024.jpg\" width=\"768\" height=\"1024\" alt=\"\" class=\"wp-image-135 alignnone size-large\" \/><\/p>\n<p><img loading=\"lazy\" decoding=\"async\" src=\"https:\/\/krisbo.dk\/wp-content\/uploads\/2025\/10\/7_Vaerelse-S-4_B.jpg\" width=\"1024\" height=\"768\" alt=\"\" class=\"wp-image-136 alignnone size-full\" srcset=\"https:\/\/krisbo.dk\/wp-content\/uploads\/2025\/10\/7_Vaerelse-S-4_B.jpg 1024w, https:\/\/krisbo.dk\/wp-content\/uploads\/2025\/10\/7_Vaerelse-S-4_B-980x735.jpg 980w, https:\/\/krisbo.dk\/wp-content\/uploads\/2025\/10\/7_Vaerelse-S-4_B-480x360.jpg 480w\" sizes=\"(min-width: 0px) and (max-width: 480px) 480px, (min-width: 481px) and (max-width: 980px) 980px, (min-width: 981px) 1024px, 100vw\" \/><\/p>\n<p><img loading=\"lazy\" decoding=\"async\" src=\"https:\/\/krisbo.dk\/wp-content\/uploads\/2025\/10\/7_Vaerelse-S-4_C-768x1024.jpg\" width=\"768\" height=\"1024\" alt=\"\" class=\"wp-image-137 alignnone size-large\" \/><\/p>\n<p>[\/et_pb_accordion_item][et_pb_accordion_item title=&#8221;V\u00e6relse S-7&#8243; _builder_version=&#8221;4.27.4&#8243; _module_preset=&#8221;default&#8221; global_colors_info=&#8221;{}&#8221; open=&#8221;off&#8221;]<\/p>\n<p><img loading=\"lazy\" decoding=\"async\" src=\"https:\/\/krisbo.dk\/wp-content\/uploads\/2025\/10\/8_Vaerelse-S-7_A.jpg\" width=\"1024\" height=\"768\" alt=\"\" class=\"wp-image-138 alignnone size-full\" srcset=\"https:\/\/krisbo.dk\/wp-content\/uploads\/2025\/10\/8_Vaerelse-S-7_A.jpg 1024w, https:\/\/krisbo.dk\/wp-content\/uploads\/2025\/10\/8_Vaerelse-S-7_A-980x735.jpg 980w, https:\/\/krisbo.dk\/wp-content\/uploads\/2025\/10\/8_Vaerelse-S-7_A-480x360.jpg 480w\" sizes=\"(min-width: 0px) and (max-width: 480px) 480px, (min-width: 481px) and (max-width: 980px) 980px, (min-width: 981px) 1024px, 100vw\" \/><\/p>\n<p><img loading=\"lazy\" decoding=\"async\" src=\"https:\/\/krisbo.dk\/wp-content\/uploads\/2025\/10\/8_Vaerelse-S-7_B.jpg\" width=\"1024\" height=\"768\" alt=\"\" class=\"wp-image-139 alignnone size-full\" srcset=\"https:\/\/krisbo.dk\/wp-content\/uploads\/2025\/10\/8_Vaerelse-S-7_B.jpg 1024w, https:\/\/krisbo.dk\/wp-content\/uploads\/2025\/10\/8_Vaerelse-S-7_B-980x735.jpg 980w, https:\/\/krisbo.dk\/wp-content\/uploads\/2025\/10\/8_Vaerelse-S-7_B-480x360.jpg 480w\" sizes=\"(min-width: 0px) and (max-width: 480px) 480px, (min-width: 481px) and (max-width: 980px) 980px, (min-width: 981px) 1024px, 100vw\" \/><\/p>\n<p><img loading=\"lazy\" decoding=\"async\" src=\"https:\/\/krisbo.dk\/wp-content\/uploads\/2025\/10\/8_Vaerelse-S-7_C.jpg\" width=\"1024\" height=\"768\" alt=\"\" class=\"wp-image-140 alignnone size-full\" srcset=\"https:\/\/krisbo.dk\/wp-content\/uploads\/2025\/10\/8_Vaerelse-S-7_C.jpg 1024w, https:\/\/krisbo.dk\/wp-content\/uploads\/2025\/10\/8_Vaerelse-S-7_C-980x735.jpg 980w, https:\/\/krisbo.dk\/wp-content\/uploads\/2025\/10\/8_Vaerelse-S-7_C-480x360.jpg 480w\" sizes=\"(min-width: 0px) and (max-width: 480px) 480px, (min-width: 481px) and (max-width: 980px) 980px, (min-width: 981px) 1024px, 100vw\" \/><\/p>\n<p>[\/et_pb_accordion_item][et_pb_accordion_item title=&#8221;V\u00e6relse 1-1&#8243; _builder_version=&#8221;4.27.4&#8243; _module_preset=&#8221;default&#8221; global_colors_info=&#8221;{}&#8221; open=&#8221;off&#8221;]<\/p>\n<p><img loading=\"lazy\" decoding=\"async\" src=\"https:\/\/krisbo.dk\/wp-content\/uploads\/2025\/10\/9_Vaerelse-1-1_A.jpg\" width=\"1024\" height=\"768\" alt=\"\" class=\"wp-image-141 alignnone size-full\" srcset=\"https:\/\/krisbo.dk\/wp-content\/uploads\/2025\/10\/9_Vaerelse-1-1_A.jpg 1024w, https:\/\/krisbo.dk\/wp-content\/uploads\/2025\/10\/9_Vaerelse-1-1_A-980x735.jpg 980w, https:\/\/krisbo.dk\/wp-content\/uploads\/2025\/10\/9_Vaerelse-1-1_A-480x360.jpg 480w\" sizes=\"(min-width: 0px) and (max-width: 480px) 480px, (min-width: 481px) and (max-width: 980px) 980px, (min-width: 981px) 1024px, 100vw\" \/><\/p>\n<p><img loading=\"lazy\" decoding=\"async\" src=\"https:\/\/krisbo.dk\/wp-content\/uploads\/2025\/10\/9_Vaerelse-1-1_B.jpg\" width=\"1024\" height=\"768\" alt=\"\" class=\"wp-image-142 alignnone size-full\" srcset=\"https:\/\/krisbo.dk\/wp-content\/uploads\/2025\/10\/9_Vaerelse-1-1_B.jpg 1024w, https:\/\/krisbo.dk\/wp-content\/uploads\/2025\/10\/9_Vaerelse-1-1_B-980x735.jpg 980w, https:\/\/krisbo.dk\/wp-content\/uploads\/2025\/10\/9_Vaerelse-1-1_B-480x360.jpg 480w\" sizes=\"(min-width: 0px) and (max-width: 480px) 480px, (min-width: 481px) and (max-width: 980px) 980px, (min-width: 981px) 1024px, 100vw\" \/><\/p>\n<p><img loading=\"lazy\" decoding=\"async\" src=\"https:\/\/krisbo.dk\/wp-content\/uploads\/2025\/10\/9_Vaerelse-1-1_C.jpg\" width=\"1024\" height=\"768\" alt=\"\" class=\"wp-image-143 alignnone size-full\" srcset=\"https:\/\/krisbo.dk\/wp-content\/uploads\/2025\/10\/9_Vaerelse-1-1_C.jpg 1024w, https:\/\/krisbo.dk\/wp-content\/uploads\/2025\/10\/9_Vaerelse-1-1_C-980x735.jpg 980w, https:\/\/krisbo.dk\/wp-content\/uploads\/2025\/10\/9_Vaerelse-1-1_C-480x360.jpg 480w\" sizes=\"(min-width: 0px) and (max-width: 480px) 480px, (min-width: 481px) and (max-width: 980px) 980px, (min-width: 981px) 1024px, 100vw\" \/><\/p>\n<p>[\/et_pb_accordion_item][\/et_pb_accordion][\/et_pb_column][\/et_pb_row][\/et_pb_section][et_pb_section fb_built=&#8221;1&#8243; theme_builder_area=&#8221;post_content&#8221; _builder_version=&#8221;4.27.4&#8243; _module_preset=&#8221;default&#8221;][et_pb_row column_structure=&#8221;3_5,2_5&#8243; _builder_version=&#8221;4.27.4&#8243; _module_preset=&#8221;default&#8221; global_colors_info=&#8221;{}&#8221; theme_builder_area=&#8221;post_content&#8221;][et_pb_column type=&#8221;3_5&#8243; _builder_version=&#8221;4.27.4&#8243; _module_preset=&#8221;default&#8221; global_colors_info=&#8221;{}&#8221; theme_builder_area=&#8221;post_content&#8221;][\/et_pb_column][et_pb_column type=&#8221;2_5&#8243; _builder_version=&#8221;4.27.4&#8243; _module_preset=&#8221;default&#8221; global_colors_info=&#8221;{}&#8221; theme_builder_area=&#8221;post_content&#8221;][et_pb_text _builder_version=&#8221;4.27.4&#8243; _module_preset=&#8221;default&#8221; global_colors_info=&#8221;{}&#8221; theme_builder_area=&#8221;post_content&#8221;]<\/p>\n<h3 style=\"text-align: right;\"><a href=\"mailto:ml@lysemoseaps.dk\">Kontakt os<\/a><\/h3>\n<p>[\/et_pb_text][\/et_pb_column][\/et_pb_row][\/et_pb_section]<\/p>\n","protected":false},"excerpt":{"rendered":"<p>Minth\u00f8jvej Hus BBof\u00e6llesskab med plads til 9 personer i tre plan. Beliggende i Hasle t\u00e6t p\u00e5 botanisk have og universitetet.\u00a0Huset indeholder k\u00f8kken, med hyggelig spisekrog og sofagruppe. Dejlig have med terrasse.Huset har vognly til cykler.Beboerne holder husm\u00f8de hver m\u00e5ned, to gange \u00e5rligt er der f\u00e6lles arbejdsdag, f\u00e6llesomr\u00e5der skiftes man til at g\u00f8re rent og der [&hellip;]<\/p>\n","protected":false},"author":1,"featured_media":0,"parent":0,"menu_order":0,"comment_status":"closed","ping_status":"closed","template":"","meta":{"_et_pb_use_builder":"on","_et_pb_old_content":"","_et_gb_content_width":"","footnotes":""},"class_list":["post-117","page","type-page","status-publish","hentry"],"_links":{"self":[{"href":"https:\/\/krisbo.dk\/index.php\/wp-json\/wp\/v2\/pages\/117","targetHints":{"allow":["GET"]}}],"collection":[{"href":"https:\/\/krisbo.dk\/index.php\/wp-json\/wp\/v2\/pages"}],"about":[{"href":"https:\/\/krisbo.dk\/index.php\/wp-json\/wp\/v2\/types\/page"}],"author":[{"embeddable":true,"href":"https:\/\/krisbo.dk\/index.php\/wp-json\/wp\/v2\/users\/1"}],"replies":[{"embeddable":true,"href":"https:\/\/krisbo.dk\/index.php\/wp-json\/wp\/v2\/comments?post=117"}],"version-history":[{"count":7,"href":"https:\/\/krisbo.dk\/index.php\/wp-json\/wp\/v2\/pages\/117\/revisions"}],"predecessor-version":[{"id":174,"href":"https:\/\/krisbo.dk\/index.php\/wp-json\/wp\/v2\/pages\/117\/revisions\/174"}],"wp:attachment":[{"href":"https:\/\/krisbo.dk\/index.php\/wp-json\/wp\/v2\/media?parent=117"}],"curies":[{"name":"wp","href":"https:\/\/api.w.org\/{rel}","templated":true}]}}