{"id":78,"date":"2025-10-29T17:49:51","date_gmt":"2025-10-29T17:49:51","guid":{"rendered":"https:\/\/krisbo.dk\/?page_id=78"},"modified":"2025-10-29T19:06:46","modified_gmt":"2025-10-29T19:06:46","slug":"78-2","status":"publish","type":"page","link":"https:\/\/krisbo.dk\/index.php\/78-2\/","title":{"rendered":"Minth\u00f8jvej A"},"content":{"rendered":"<p>[et_pb_section fb_built=&#8221;1&#8243; admin_label=&#8221;Header&#8221; _builder_version=&#8221;4.27.4&#8243; _module_preset=&#8221;default&#8221; background_image=&#8221;https:\/\/krisbo.dk\/wp-content\/uploads\/2025\/10\/Top-Logo3.png&#8221; collapsed=&#8221;on&#8221; global_colors_info=&#8221;{}&#8221;][et_pb_row column_structure=&#8221;2_5,3_5&#8243; _builder_version=&#8221;4.22.0&#8243; _module_preset=&#8221;default&#8221; global_colors_info=&#8221;{}&#8221;][et_pb_column type=&#8221;2_5&#8243; _builder_version=&#8221;4.22.0&#8243; _module_preset=&#8221;default&#8221; global_colors_info=&#8221;{}&#8221;][\/et_pb_column][et_pb_column type=&#8221;3_5&#8243; _builder_version=&#8221;4.22.0&#8243; _module_preset=&#8221;default&#8221; custom_padding=&#8221;60px||60px||true|false&#8221; custom_padding_tablet=&#8221;0px||0px||true|false&#8221; custom_padding_phone=&#8221;0px||0px||true|false&#8221; custom_padding_last_edited=&#8221;on|desktop&#8221; global_colors_info=&#8221;{}&#8221;][\/et_pb_column][\/et_pb_row][\/et_pb_section][et_pb_section fb_built=&#8221;1&#8243; admin_label=&#8221;Feature&#8221; _builder_version=&#8221;4.22.0&#8243; _module_preset=&#8221;default&#8221; overflow-x=&#8221;hidden&#8221; overflow-y=&#8221;hidden&#8221; collapsed=&#8221;on&#8221; global_colors_info=&#8221;{}&#8221;][et_pb_row column_structure=&#8221;2_5,3_5&#8243; _builder_version=&#8221;4.22.0&#8243; _module_preset=&#8221;default&#8221; global_colors_info=&#8221;{}&#8221;][et_pb_column type=&#8221;2_5&#8243; _builder_version=&#8221;4.22.0&#8243; _module_preset=&#8221;default&#8221; global_colors_info=&#8221;{}&#8221;][et_pb_text _builder_version=&#8221;4.22.0&#8243; _module_preset=&#8221;_initial&#8221; header_2_font=&#8221;Noto Serif||||||||&#8221; header_2_font_size=&#8221;52px&#8221; header_2_line_height=&#8221;1.4em&#8221; custom_margin=&#8221;||10px||false|false&#8221; header_2_font_size_tablet=&#8221;32px&#8221; header_2_font_size_phone=&#8221;20px&#8221; header_2_font_size_last_edited=&#8221;on|desktop&#8221; global_colors_info=&#8221;{}&#8221;]<\/p>\n<h2>Minth\u00f8jvej Hus A<\/h2>\n<p>[\/et_pb_text][et_pb_text _builder_version=&#8221;4.22.0&#8243; _module_preset=&#8221;_initial&#8221; text_font_size=&#8221;16px&#8221; text_line_height=&#8221;1.8em&#8221; text_font_size_tablet=&#8221;15px&#8221; text_font_size_phone=&#8221;14px&#8221; text_font_size_last_edited=&#8221;on|desktop&#8221; global_colors_info=&#8221;{}&#8221;]<\/p>\n<p>Bof\u00e6llesskab med plads til 4 personer. Beliggende i Hasle t\u00e6t p\u00e5 botanisk have og universitetet.\u00a0<br \/>Huset indeholder nyt k\u00f8kken, med en lille spisekrog. Dejlig have \u2013 2 v\u00e6relser med direkte udgang til haven.<br \/>Huset har garage til cykler.<br \/>Beboerne holder husm\u00f8de hver m\u00e5ned, to gange \u00e5rligt er der f\u00e6lles arbejdsdag, f\u00e6llesomr\u00e5der skiftes man til at g\u00f8re rent og der indbetales hver m\u00e5ned et mindre bel\u00f8b til huskassen \u2013 til k\u00f8b af opvasketabs, toiletpapir olign.\u00a0<\/p>\n<p>[\/et_pb_text][\/et_pb_column][et_pb_column type=&#8221;3_5&#8243; _builder_version=&#8221;4.22.0&#8243; _module_preset=&#8221;default&#8221; global_colors_info=&#8221;{}&#8221;][et_pb_slider _builder_version=&#8221;4.27.4&#8243; _module_preset=&#8221;default&#8221; custom_padding=&#8221;||305px|||&#8221; global_colors_info=&#8221;{}&#8221;][et_pb_slide _builder_version=&#8221;4.27.4&#8243; _module_preset=&#8221;default&#8221; background_enable_color=&#8221;off&#8221; background_image=&#8221;https:\/\/krisbo.dk\/wp-content\/uploads\/2025\/10\/DSC01739-1-scaled.jpg&#8221; background_enable_image=&#8221;on&#8221; global_colors_info=&#8221;{}&#8221; sticky_transition=&#8221;on&#8221;][\/et_pb_slide][et_pb_slide _builder_version=&#8221;4.27.4&#8243; _module_preset=&#8221;default&#8221; background_enable_color=&#8221;off&#8221; background_image=&#8221;https:\/\/krisbo.dk\/wp-content\/uploads\/2025\/10\/DSC01736-1-scaled.jpg&#8221; background_enable_image=&#8221;on&#8221; global_colors_info=&#8221;{}&#8221; sticky_transition=&#8221;on&#8221;][\/et_pb_slide][\/et_pb_slider][\/et_pb_column][\/et_pb_row][\/et_pb_section][et_pb_section fb_built=&#8221;1&#8243; _builder_version=&#8221;4.27.4&#8243; _module_preset=&#8221;default&#8221; global_colors_info=&#8221;{}&#8221;][et_pb_row _builder_version=&#8221;4.27.4&#8243; _module_preset=&#8221;default&#8221; global_colors_info=&#8221;{}&#8221;][et_pb_column type=&#8221;4_4&#8243; _builder_version=&#8221;4.27.4&#8243; _module_preset=&#8221;default&#8221; global_colors_info=&#8221;{}&#8221;][et_pb_accordion _builder_version=&#8221;4.27.4&#8243; _module_preset=&#8221;default&#8221; global_colors_info=&#8221;{}&#8221;][et_pb_accordion_item title=&#8221;Plantegning&#8221; open=&#8221;on&#8221; _builder_version=&#8221;4.27.4&#8243; _module_preset=&#8221;default&#8221; background_enable_image=&#8221;off&#8221; global_colors_info=&#8221;{}&#8221;]<\/p>\n<p><img loading=\"lazy\" decoding=\"async\" src=\"https:\/\/krisbo.dk\/wp-content\/uploads\/2025\/10\/1_plantegning.png\" width=\"990\" height=\"753\" alt=\"\" class=\"wp-image-81 alignnone size-full\" srcset=\"https:\/\/krisbo.dk\/wp-content\/uploads\/2025\/10\/1_plantegning.png 990w, https:\/\/krisbo.dk\/wp-content\/uploads\/2025\/10\/1_plantegning-980x745.png 980w, https:\/\/krisbo.dk\/wp-content\/uploads\/2025\/10\/1_plantegning-480x365.png 480w\" sizes=\"(min-width: 0px) and (max-width: 480px) 480px, (min-width: 481px) and (max-width: 980px) 980px, (min-width: 981px) 990px, 100vw\" \/><\/p>\n<p>[\/et_pb_accordion_item][et_pb_accordion_item title=&#8221;K\u00f8kken&#8221; _builder_version=&#8221;4.27.4&#8243; _module_preset=&#8221;default&#8221; global_colors_info=&#8221;{}&#8221; open=&#8221;off&#8221;]<\/p>\n<p><img loading=\"lazy\" decoding=\"async\" src=\"https:\/\/krisbo.dk\/wp-content\/uploads\/2025\/10\/2_Kokken_A.jpg\" width=\"500\" height=\"333\" alt=\"\" class=\"wp-image-82 alignnone size-full\" srcset=\"https:\/\/krisbo.dk\/wp-content\/uploads\/2025\/10\/2_Kokken_A.jpg 500w, https:\/\/krisbo.dk\/wp-content\/uploads\/2025\/10\/2_Kokken_A-480x320.jpg 480w\" sizes=\"(min-width: 0px) and (max-width: 480px) 480px, (min-width: 481px) 500px, 100vw\" \/><\/p>\n<p><img loading=\"lazy\" decoding=\"async\" src=\"https:\/\/krisbo.dk\/wp-content\/uploads\/2025\/10\/2_Kokken_B.jpg\" width=\"500\" height=\"333\" alt=\"\" class=\"wp-image-83 alignnone size-full\" srcset=\"https:\/\/krisbo.dk\/wp-content\/uploads\/2025\/10\/2_Kokken_B.jpg 500w, https:\/\/krisbo.dk\/wp-content\/uploads\/2025\/10\/2_Kokken_B-480x320.jpg 480w\" sizes=\"(min-width: 0px) and (max-width: 480px) 480px, (min-width: 481px) 500px, 100vw\" \/><\/p>\n<p>[\/et_pb_accordion_item][et_pb_accordion_item title=&#8221;Badev\u00e6relse&#8221; _builder_version=&#8221;4.27.4&#8243; _module_preset=&#8221;default&#8221; global_colors_info=&#8221;{}&#8221; open=&#8221;off&#8221;]<\/p>\n<p><img loading=\"lazy\" decoding=\"async\" src=\"https:\/\/krisbo.dk\/wp-content\/uploads\/2025\/10\/3_Badevaerelse.jpg\" width=\"427\" height=\"640\" alt=\"\" class=\"wp-image-100 alignnone size-full\" srcset=\"https:\/\/krisbo.dk\/wp-content\/uploads\/2025\/10\/3_Badevaerelse.jpg 427w, https:\/\/krisbo.dk\/wp-content\/uploads\/2025\/10\/3_Badevaerelse-200x300.jpg 200w\" sizes=\"(max-width: 427px) 100vw, 427px\" \/><\/p>\n<p>[\/et_pb_accordion_item][et_pb_accordion_item title=&#8221;Vaskerum&#8221; _builder_version=&#8221;4.27.4&#8243; _module_preset=&#8221;default&#8221; global_colors_info=&#8221;{}&#8221; open=&#8221;off&#8221;]<\/p>\n<p><img loading=\"lazy\" decoding=\"async\" src=\"https:\/\/krisbo.dk\/wp-content\/uploads\/2025\/10\/4_Vaskerum.jpg\" width=\"427\" height=\"640\" alt=\"\" class=\"wp-image-101 alignnone size-full\" srcset=\"https:\/\/krisbo.dk\/wp-content\/uploads\/2025\/10\/4_Vaskerum.jpg 427w, https:\/\/krisbo.dk\/wp-content\/uploads\/2025\/10\/4_Vaskerum-200x300.jpg 200w\" sizes=\"(max-width: 427px) 100vw, 427px\" \/><\/p>\n<p>[\/et_pb_accordion_item][et_pb_accordion_item title=&#8221;V\u00e6relse A&#8221; _builder_version=&#8221;4.27.4&#8243; _module_preset=&#8221;default&#8221; global_colors_info=&#8221;{}&#8221; open=&#8221;off&#8221;]<\/p>\n<p><img loading=\"lazy\" decoding=\"async\" src=\"https:\/\/krisbo.dk\/wp-content\/uploads\/2025\/10\/5_Vaerelse-A.jpg\" width=\"500\" height=\"333\" alt=\"\" class=\"wp-image-104 alignnone size-full\" srcset=\"https:\/\/krisbo.dk\/wp-content\/uploads\/2025\/10\/5_Vaerelse-A.jpg 500w, https:\/\/krisbo.dk\/wp-content\/uploads\/2025\/10\/5_Vaerelse-A-480x320.jpg 480w\" sizes=\"(min-width: 0px) and (max-width: 480px) 480px, (min-width: 481px) 500px, 100vw\" \/><\/p>\n<p>[\/et_pb_accordion_item][et_pb_accordion_item title=&#8221;V\u00e6relse B&#8221; _builder_version=&#8221;4.27.4&#8243; _module_preset=&#8221;default&#8221; global_colors_info=&#8221;{}&#8221; open=&#8221;off&#8221;]<\/p>\n<p><img loading=\"lazy\" decoding=\"async\" src=\"https:\/\/krisbo.dk\/wp-content\/uploads\/2025\/10\/6_Vaerelse-B.jpg\" width=\"500\" height=\"333\" alt=\"\" class=\"wp-image-105 alignnone size-full\" srcset=\"https:\/\/krisbo.dk\/wp-content\/uploads\/2025\/10\/6_Vaerelse-B.jpg 500w, https:\/\/krisbo.dk\/wp-content\/uploads\/2025\/10\/6_Vaerelse-B-480x320.jpg 480w\" sizes=\"(min-width: 0px) and (max-width: 480px) 480px, (min-width: 481px) 500px, 100vw\" \/><\/p>\n<p>[\/et_pb_accordion_item][et_pb_accordion_item title=&#8221;V\u00e6relse C&#8221; _builder_version=&#8221;4.27.4&#8243; _module_preset=&#8221;default&#8221; global_colors_info=&#8221;{}&#8221; open=&#8221;off&#8221;]<\/p>\n<p><img loading=\"lazy\" decoding=\"async\" src=\"https:\/\/krisbo.dk\/wp-content\/uploads\/2025\/10\/7_Vaerelse-C.jpg\" width=\"500\" height=\"333\" alt=\"\" class=\"wp-image-106 alignnone size-full\" srcset=\"https:\/\/krisbo.dk\/wp-content\/uploads\/2025\/10\/7_Vaerelse-C.jpg 500w, https:\/\/krisbo.dk\/wp-content\/uploads\/2025\/10\/7_Vaerelse-C-480x320.jpg 480w\" sizes=\"(min-width: 0px) and (max-width: 480px) 480px, (min-width: 481px) 500px, 100vw\" \/><\/p>\n<p>[\/et_pb_accordion_item][\/et_pb_accordion][\/et_pb_column][\/et_pb_row][\/et_pb_section][et_pb_section fb_built=&#8221;1&#8243; _builder_version=&#8221;4.27.4&#8243; _module_preset=&#8221;default&#8221; min_height=&#8221;162px&#8221; custom_padding=&#8221;3px||13px|||&#8221; global_colors_info=&#8221;{}&#8221;][et_pb_row column_structure=&#8221;3_5,2_5&#8243; _builder_version=&#8221;4.27.4&#8243; _module_preset=&#8221;default&#8221; global_colors_info=&#8221;{}&#8221;][et_pb_column type=&#8221;3_5&#8243; _builder_version=&#8221;4.27.4&#8243; _module_preset=&#8221;default&#8221; global_colors_info=&#8221;{}&#8221;][\/et_pb_column][et_pb_column type=&#8221;2_5&#8243; _builder_version=&#8221;4.27.4&#8243; _module_preset=&#8221;default&#8221; global_colors_info=&#8221;{}&#8221;][et_pb_text _builder_version=&#8221;4.27.4&#8243; _module_preset=&#8221;default&#8221; global_colors_info=&#8221;{}&#8221;]<\/p>\n<h3 style=\"text-align: right;\"><a href=\"mailto:ml@lysemoseaps.dk\">Kontakt os<\/a><\/h3>\n<p>[\/et_pb_text][\/et_pb_column][\/et_pb_row][\/et_pb_section]<\/p>\n","protected":false},"excerpt":{"rendered":"<p>Minth\u00f8jvej Hus ABof\u00e6llesskab med plads til 4 personer. Beliggende i Hasle t\u00e6t p\u00e5 botanisk have og universitetet.\u00a0Huset indeholder nyt k\u00f8kken, med en lille spisekrog. Dejlig have \u2013 2 v\u00e6relser med direkte udgang til haven.Huset har garage til cykler.Beboerne holder husm\u00f8de hver m\u00e5ned, to gange \u00e5rligt er der f\u00e6lles arbejdsdag, f\u00e6llesomr\u00e5der skiftes man til at g\u00f8re [&hellip;]<\/p>\n","protected":false},"author":1,"featured_media":0,"parent":0,"menu_order":0,"comment_status":"closed","ping_status":"closed","template":"","meta":{"_et_pb_use_builder":"on","_et_pb_old_content":"","_et_gb_content_width":"","footnotes":""},"class_list":["post-78","page","type-page","status-publish","hentry"],"_links":{"self":[{"href":"https:\/\/krisbo.dk\/index.php\/wp-json\/wp\/v2\/pages\/78","targetHints":{"allow":["GET"]}}],"collection":[{"href":"https:\/\/krisbo.dk\/index.php\/wp-json\/wp\/v2\/pages"}],"about":[{"href":"https:\/\/krisbo.dk\/index.php\/wp-json\/wp\/v2\/types\/page"}],"author":[{"embeddable":true,"href":"https:\/\/krisbo.dk\/index.php\/wp-json\/wp\/v2\/users\/1"}],"replies":[{"embeddable":true,"href":"https:\/\/krisbo.dk\/index.php\/wp-json\/wp\/v2\/comments?post=78"}],"version-history":[{"count":16,"href":"https:\/\/krisbo.dk\/index.php\/wp-json\/wp\/v2\/pages\/78\/revisions"}],"predecessor-version":[{"id":173,"href":"https:\/\/krisbo.dk\/index.php\/wp-json\/wp\/v2\/pages\/78\/revisions\/173"}],"wp:attachment":[{"href":"https:\/\/krisbo.dk\/index.php\/wp-json\/wp\/v2\/media?parent=78"}],"curies":[{"name":"wp","href":"https:\/\/api.w.org\/{rel}","templated":true}]}}